{"id":316,"date":"2022-02-04T12:03:22","date_gmt":"2022-02-04T12:03:22","guid":{"rendered":"http:\/\/ronroco.de\/?page_id=316"},"modified":"2022-02-04T12:04:10","modified_gmt":"2022-02-04T12:04:10","slug":"ronroco-musik","status":"publish","type":"page","link":"http:\/\/ronroco.de\/?page_id=316","title":{"rendered":"Ronroco Musik"},"content":{"rendered":"\n<p>Ronrocos haben einen ungew\u00f6hnlich sch\u00f6nen und vollen Klang und die<\/p>\n\n\n\n<p>Musik damit erzeugt eine besondere, magische &#8222;Atmosph\u00e4re&#8220;.<\/p>\n\n\n\n<p>Noten, Akkorde und Partituren gibt es einige im Internet meist unter<\/p>\n\n\n\n<p>dem Suchbegriff &#8222;Charango&#8220; zu finden.<\/p>\n\n\n\n<p>Ein sehr hilfreiches tool f\u00fcr das Mobiltelefon ist<\/p>\n\n\n\n<p>Smart Chord welches Ronrocos in verschiedenen Stimmunghen unterst\u00fctzt.<\/p>\n\n\n\n<figure class=\"wp-block-image size-full\"><a href=\"https:\/\/play.google.com\/store\/apps\/details?id=de.smartchord.droid\"><img loading=\"lazy\" decoding=\"async\" width=\"180\" height=\"180\" src=\"http:\/\/ronroco.de\/wp-content\/uploads\/2022\/02\/unnamed.webp\" alt=\"\" class=\"wp-image-317\" srcset=\"http:\/\/ronroco.de\/wp-content\/uploads\/2022\/02\/unnamed.webp 180w, http:\/\/ronroco.de\/wp-content\/uploads\/2022\/02\/unnamed-150x150.webp 150w, http:\/\/ronroco.de\/wp-content\/uploads\/2022\/02\/unnamed-120x120.webp 120w\" sizes=\"auto, (max-width: 180px) 100vw, 180px\" \/><\/a><\/figure>\n","protected":false},"excerpt":{"rendered":"<p>Ronrocos haben einen ungew\u00f6hnlich sch\u00f6nen und vollen Klang und die Musik damit erzeugt eine besondere, magische &#8222;Atmosph\u00e4re&#8220;. Noten, Akkorde und Partituren gibt es einige im Internet meist unter dem Suchbegriff &#8222;Charango&#8220; zu finden. Ein sehr hilfreiches tool f\u00fcr das Mobiltelefon ist Smart Chord welches Ronrocos in verschiedenen Stimmunghen unterst\u00fctzt.<\/p>\n","protected":false},"author":1,"featured_media":0,"parent":0,"menu_order":0,"comment_status":"closed","ping_status":"closed","template":"","meta":{"footnotes":""},"class_list":["post-316","page","type-page","status-publish","hentry"],"_links":{"self":[{"href":"http:\/\/ronroco.de\/index.php?rest_route=\/wp\/v2\/pages\/316","targetHints":{"allow":["GET"]}}],"collection":[{"href":"http:\/\/ronroco.de\/index.php?rest_route=\/wp\/v2\/pages"}],"about":[{"href":"http:\/\/ronroco.de\/index.php?rest_route=\/wp\/v2\/types\/page"}],"author":[{"embeddable":true,"href":"http:\/\/ronroco.de\/index.php?rest_route=\/wp\/v2\/users\/1"}],"replies":[{"embeddable":true,"href":"http:\/\/ronroco.de\/index.php?rest_route=%2Fwp%2Fv2%2Fcomments&post=316"}],"version-history":[{"count":2,"href":"http:\/\/ronroco.de\/index.php?rest_route=\/wp\/v2\/pages\/316\/revisions"}],"predecessor-version":[{"id":319,"href":"http:\/\/ronroco.de\/index.php?rest_route=\/wp\/v2\/pages\/316\/revisions\/319"}],"wp:attachment":[{"href":"http:\/\/ronroco.de\/index.php?rest_route=%2Fwp%2Fv2%2Fmedia&parent=316"}],"curies":[{"name":"wp","href":"https:\/\/api.w.org\/{rel}","templated":true}]}}